{"id":59,"date":"2025-06-11T11:28:42","date_gmt":"2025-06-11T09:28:42","guid":{"rendered":"https:\/\/rynek30.pl\/index.php\/work\/"},"modified":"2025-09-17T12:54:57","modified_gmt":"2025-09-17T10:54:57","slug":"pokoje","status":"publish","type":"page","link":"http:\/\/rynek30.pl\/en\/pokoje\/","title":{"rendered":"Rooms"},"content":{"rendered":"<div data-elementor-type=\"wp-page\" data-elementor-id=\"59\" class=\"elementor elementor-59\" data-elementor-post-type=\"page\">\n\t\t\t\t<div class=\"elementor-element elementor-element-4d9dea9f e-flex e-con-boxed e-con e-parent\" data-id=\"4d9dea9f\" data-element_type=\"container\" data-e-type=\"container\">\n\t\t\t\t\t<div class=\"e-con-inner\">\n\t\t<div class=\"elementor-element elementor-element-65e17194 e-flex e-con-boxed e-con e-child\" data-id=\"65e17194\" data-element_type=\"container\" data-e-type=\"container\">\n\t\t\t\t\t<div class=\"e-con-inner\">\n\t\t\t\t<div class=\"elementor-element elementor-element-7ce8bd7b elementor-widget elementor-widget-heading\" data-id=\"7ce8bd7b\" data-element_type=\"widget\" data-e-type=\"widget\" data-widget_type=\"heading.default\">\n\t\t\t\t\t<h1 class=\"elementor-heading-title elementor-size-default\">See our other rooms<\/h1>\t\t\t\t<\/div>\n\t\t\t\t<div class=\"elementor-element elementor-element-5cde8d14 elementor-widget elementor-widget-text-editor\" data-id=\"5cde8d14\" data-element_type=\"widget\" data-e-type=\"widget\" data-widget_type=\"text-editor.default\">\n\t\t\t\t\t\t\t\t\t<p>Take a look at our offer and choose the perfect place for you<\/p>\t\t\t\t\t\t\t\t<\/div>\n\t\t\t\t\t<\/div>\n\t\t\t\t<\/div>\n\t\t\t\t<div class=\"elementor-element elementor-element-2144b2d3 elementor-posts--align-center elementor-widget-mobile__width-inherit elementor-grid-3 elementor-grid-tablet-2 elementor-grid-mobile-1 elementor-posts--thumbnail-top elementor-widget elementor-widget-posts\" data-id=\"2144b2d3\" data-element_type=\"widget\" data-e-type=\"widget\" data-settings=\"{&quot;classic_row_gap&quot;:{&quot;unit&quot;:&quot;px&quot;,&quot;size&quot;:80,&quot;sizes&quot;:[]},&quot;classic_columns&quot;:&quot;3&quot;,&quot;classic_columns_tablet&quot;:&quot;2&quot;,&quot;classic_columns_mobile&quot;:&quot;1&quot;,&quot;classic_row_gap_tablet&quot;:{&quot;unit&quot;:&quot;px&quot;,&quot;size&quot;:&quot;&quot;,&quot;sizes&quot;:[]},&quot;classic_row_gap_mobile&quot;:{&quot;unit&quot;:&quot;px&quot;,&quot;size&quot;:&quot;&quot;,&quot;sizes&quot;:[]}}\" data-widget_type=\"posts.classic\">\n\t\t\t\t<div class=\"elementor-widget-container\">\n\t\t\t\t\t\t\t<div class=\"elementor-posts-container elementor-posts elementor-posts--skin-classic elementor-grid\" role=\"list\">\n\t\t\t\t<article class=\"elementor-post elementor-grid-item post-539 post type-post status-publish format-standard has-post-thumbnail hentry category-uncategorized\" role=\"listitem\">\n\t\t\t\t<a class=\"elementor-post__thumbnail__link\" href=\"http:\/\/rynek30.pl\/en\/pokoj-3-osobowy-z-widokiem-na-patio\/\" tabindex=\"-1\" >\n\t\t\t<div class=\"elementor-post__thumbnail\"><img fetchpriority=\"high\" decoding=\"async\" width=\"1440\" height=\"2560\" src=\"http:\/\/rynek30.pl\/wp-content\/uploads\/2025\/09\/Zdjecie-WhatsApp-2025-09-08-o-11.09.15_acc51306-scaled.jpg\" class=\"attachment-full size-full wp-image-544\" alt=\"\" srcset=\"http:\/\/rynek30.pl\/wp-content\/uploads\/2025\/09\/Zdjecie-WhatsApp-2025-09-08-o-11.09.15_acc51306-scaled.jpg 1440w, http:\/\/rynek30.pl\/wp-content\/uploads\/2025\/09\/Zdjecie-WhatsApp-2025-09-08-o-11.09.15_acc51306-169x300.jpg 169w, http:\/\/rynek30.pl\/wp-content\/uploads\/2025\/09\/Zdjecie-WhatsApp-2025-09-08-o-11.09.15_acc51306-576x1024.jpg 576w\" sizes=\"(max-width: 1440px) 100vw, 1440px\" \/><\/div>\n\t\t<\/a>\n\t\t\t\t<div class=\"elementor-post__text\">\n\t\t\t\t<h3 class=\"elementor-post__title\">\n\t\t\t<a href=\"http:\/\/rynek30.pl\/en\/pokoj-3-osobowy-z-widokiem-na-patio\/\" >\n\t\t\t\tTriple room with a view of the patio\t\t\t<\/a>\n\t\t<\/h3>\n\t\t\t\t<\/div>\n\t\t\t\t<\/article>\n\t\t\t\t<article class=\"elementor-post elementor-grid-item post-522 post type-post status-publish format-standard has-post-thumbnail hentry category-uncategorized\" role=\"listitem\">\n\t\t\t\t<a class=\"elementor-post__thumbnail__link\" href=\"http:\/\/rynek30.pl\/en\/zenskie-dormitorium-6-osobowe-z-widokiem-na-ratusz-i-p\/\" tabindex=\"-1\" >\n\t\t\t<div class=\"elementor-post__thumbnail\"><img decoding=\"async\" width=\"954\" height=\"1570\" src=\"http:\/\/rynek30.pl\/wp-content\/uploads\/2025\/09\/Zdjecie-WhatsApp-2025-09-08-o-10.42.06_26ff9111-e1758201499538.jpg\" class=\"attachment-full size-full wp-image-528\" alt=\"\u017be\u0144skie dormitorium 6-osobowe w Rynek 30 Hostel z widokiem na wroc\u0142awski Rynek i Ratusz\" srcset=\"http:\/\/rynek30.pl\/wp-content\/uploads\/2025\/09\/Zdjecie-WhatsApp-2025-09-08-o-10.42.06_26ff9111-e1758201499538.jpg 954w, http:\/\/rynek30.pl\/wp-content\/uploads\/2025\/09\/Zdjecie-WhatsApp-2025-09-08-o-10.42.06_26ff9111-e1758201499538-182x300.jpg 182w, http:\/\/rynek30.pl\/wp-content\/uploads\/2025\/09\/Zdjecie-WhatsApp-2025-09-08-o-10.42.06_26ff9111-e1758201499538-622x1024.jpg 622w, http:\/\/rynek30.pl\/wp-content\/uploads\/2025\/09\/Zdjecie-WhatsApp-2025-09-08-o-10.42.06_26ff9111-e1758201499538-768x1264.jpg 768w, http:\/\/rynek30.pl\/wp-content\/uploads\/2025\/09\/Zdjecie-WhatsApp-2025-09-08-o-10.42.06_26ff9111-e1758201499538-933x1536.jpg 933w, http:\/\/rynek30.pl\/wp-content\/uploads\/2025\/09\/Zdjecie-WhatsApp-2025-09-08-o-10.42.06_26ff9111-e1758201499538-7x12.jpg 7w\" sizes=\"(max-width: 954px) 100vw, 954px\" \/><\/div>\n\t\t<\/a>\n\t\t\t\t<div class=\"elementor-post__text\">\n\t\t\t\t<h3 class=\"elementor-post__title\">\n\t\t\t<a href=\"http:\/\/rynek30.pl\/en\/zenskie-dormitorium-6-osobowe-z-widokiem-na-ratusz-i-p\/\" >\n\t\t\t\tFemale 6-person dormitory with a view of the Town Hall (1st floor)\t\t\t<\/a>\n\t\t<\/h3>\n\t\t\t\t<\/div>\n\t\t\t\t<\/article>\n\t\t\t\t<article class=\"elementor-post elementor-grid-item post-419 post type-post status-publish format-standard has-post-thumbnail hentry category-uncategorized\" role=\"listitem\">\n\t\t\t\t<a class=\"elementor-post__thumbnail__link\" href=\"http:\/\/rynek30.pl\/en\/pokoj-jednoosobowy-single\/\" tabindex=\"-1\" >\n\t\t\t<div class=\"elementor-post__thumbnail\"><img decoding=\"async\" width=\"1620\" height=\"2560\" src=\"http:\/\/rynek30.pl\/wp-content\/uploads\/2025\/06\/75961c7d-3a5f-4802-94d2-91a8f2a9ef3d-scaled.jpg\" class=\"attachment-full size-full wp-image-421\" alt=\"\" srcset=\"http:\/\/rynek30.pl\/wp-content\/uploads\/2025\/06\/75961c7d-3a5f-4802-94d2-91a8f2a9ef3d-scaled.jpg 1620w, http:\/\/rynek30.pl\/wp-content\/uploads\/2025\/06\/75961c7d-3a5f-4802-94d2-91a8f2a9ef3d-190x300.jpg 190w, http:\/\/rynek30.pl\/wp-content\/uploads\/2025\/06\/75961c7d-3a5f-4802-94d2-91a8f2a9ef3d-648x1024.jpg 648w, http:\/\/rynek30.pl\/wp-content\/uploads\/2025\/06\/75961c7d-3a5f-4802-94d2-91a8f2a9ef3d-768x1213.jpg 768w, http:\/\/rynek30.pl\/wp-content\/uploads\/2025\/06\/75961c7d-3a5f-4802-94d2-91a8f2a9ef3d-972x1536.jpg 972w, http:\/\/rynek30.pl\/wp-content\/uploads\/2025\/06\/75961c7d-3a5f-4802-94d2-91a8f2a9ef3d-1296x2048.jpg 1296w\" sizes=\"(max-width: 1620px) 100vw, 1620px\" \/><\/div>\n\t\t<\/a>\n\t\t\t\t<div class=\"elementor-post__text\">\n\t\t\t\t<h3 class=\"elementor-post__title\">\n\t\t\t<a href=\"http:\/\/rynek30.pl\/en\/pokoj-jednoosobowy-single\/\" >\n\t\t\t\tPok\u00f3j jednoosobowy z widokiem na Patio\t\t\t<\/a>\n\t\t<\/h3>\n\t\t\t\t<\/div>\n\t\t\t\t<\/article>\n\t\t\t\t<article class=\"elementor-post elementor-grid-item post-97 post type-post status-publish format-standard has-post-thumbnail hentry category-uncategorized\" role=\"listitem\">\n\t\t\t\t<a class=\"elementor-post__thumbnail__link\" href=\"http:\/\/rynek30.pl\/en\/twin\/\" tabindex=\"-1\" >\n\t\t\t<div class=\"elementor-post__thumbnail\"><img loading=\"lazy\" decoding=\"async\" width=\"1505\" height=\"1920\" src=\"http:\/\/rynek30.pl\/wp-content\/uploads\/2025\/06\/bb766046-36a9-445b-91ee-bf28bdcf9b1a-scaled.webp\" class=\"attachment-full size-full wp-image-164\" alt=\"Pok\u00f3j 2-osobowy w hostelu Rynek 30 z widokiem na Rynek G\u0142\u00f3wny we Wroc\u0142awiu\" srcset=\"http:\/\/rynek30.pl\/wp-content\/uploads\/2025\/06\/bb766046-36a9-445b-91ee-bf28bdcf9b1a-scaled.webp 1505w, http:\/\/rynek30.pl\/wp-content\/uploads\/2025\/06\/bb766046-36a9-445b-91ee-bf28bdcf9b1a-235x300.webp 235w, http:\/\/rynek30.pl\/wp-content\/uploads\/2025\/06\/bb766046-36a9-445b-91ee-bf28bdcf9b1a-802x1024.webp 802w, http:\/\/rynek30.pl\/wp-content\/uploads\/2025\/06\/bb766046-36a9-445b-91ee-bf28bdcf9b1a-768x980.webp 768w, http:\/\/rynek30.pl\/wp-content\/uploads\/2025\/06\/bb766046-36a9-445b-91ee-bf28bdcf9b1a-1204x1536.webp 1204w\" sizes=\"(max-width: 1505px) 100vw, 1505px\" \/><\/div>\n\t\t<\/a>\n\t\t\t\t<div class=\"elementor-post__text\">\n\t\t\t\t<h3 class=\"elementor-post__title\">\n\t\t\t<a href=\"http:\/\/rynek30.pl\/en\/twin\/\" >\n\t\t\t\tTWIN room\t\t\t<\/a>\n\t\t<\/h3>\n\t\t\t\t<\/div>\n\t\t\t\t<\/article>\n\t\t\t\t<article class=\"elementor-post elementor-grid-item post-96 post type-post status-publish format-standard has-post-thumbnail hentry category-uncategorized\" role=\"listitem\">\n\t\t\t\t<a class=\"elementor-post__thumbnail__link\" href=\"http:\/\/rynek30.pl\/en\/dormitorium-zenskie-6-osobowe-201\/\" tabindex=\"-1\" >\n\t\t\t<div class=\"elementor-post__thumbnail\"><img loading=\"lazy\" decoding=\"async\" width=\"1927\" height=\"2560\" src=\"http:\/\/rynek30.pl\/wp-content\/uploads\/2025\/06\/dorm_strona-scaled.jpg\" class=\"attachment-full size-full wp-image-297\" alt=\"\u017be\u0144skie dormitorium 6-osobowe w hostelu Rynek 30 \u2013 jasne i przestronne wn\u0119trze\" srcset=\"http:\/\/rynek30.pl\/wp-content\/uploads\/2025\/06\/dorm_strona-scaled.jpg 1927w, http:\/\/rynek30.pl\/wp-content\/uploads\/2025\/06\/dorm_strona-226x300.jpg 226w, http:\/\/rynek30.pl\/wp-content\/uploads\/2025\/06\/dorm_strona-771x1024.jpg 771w, http:\/\/rynek30.pl\/wp-content\/uploads\/2025\/06\/dorm_strona-768x1021.jpg 768w, http:\/\/rynek30.pl\/wp-content\/uploads\/2025\/06\/dorm_strona-1156x1536.jpg 1156w, http:\/\/rynek30.pl\/wp-content\/uploads\/2025\/06\/dorm_strona-1541x2048.jpg 1541w\" sizes=\"(max-width: 1927px) 100vw, 1927px\" \/><\/div>\n\t\t<\/a>\n\t\t\t\t<div class=\"elementor-post__text\">\n\t\t\t\t<h3 class=\"elementor-post__title\">\n\t\t\t<a href=\"http:\/\/rynek30.pl\/en\/dormitorium-zenskie-6-osobowe-201\/\" >\n\t\t\t\t\u017be\u0144skie Dormitorium 6-osobowe z Widokiem na Ratusz\t\t\t<\/a>\n\t\t<\/h3>\n\t\t\t\t<\/div>\n\t\t\t\t<\/article>\n\t\t\t\t<article class=\"elementor-post elementor-grid-item post-95 post type-post status-publish format-standard has-post-thumbnail hentry category-uncategorized\" role=\"listitem\">\n\t\t\t\t<a class=\"elementor-post__thumbnail__link\" href=\"http:\/\/rynek30.pl\/en\/meskie-dormitorium\/\" tabindex=\"-1\" >\n\t\t\t<div class=\"elementor-post__thumbnail\"><img loading=\"lazy\" decoding=\"async\" width=\"1440\" height=\"2560\" src=\"http:\/\/rynek30.pl\/wp-content\/uploads\/2025\/09\/PXL_20250814_085038261.MP_-scaled.jpg\" class=\"attachment-full size-full wp-image-524\" alt=\"\u017be\u0144skie dormitorium 6-osobowe w Rynek 30 Hostel z widokiem na wroc\u0142awski Rynek i Ratusz\" srcset=\"http:\/\/rynek30.pl\/wp-content\/uploads\/2025\/09\/PXL_20250814_085038261.MP_-scaled.jpg 1440w, http:\/\/rynek30.pl\/wp-content\/uploads\/2025\/09\/PXL_20250814_085038261.MP_-169x300.jpg 169w, http:\/\/rynek30.pl\/wp-content\/uploads\/2025\/09\/PXL_20250814_085038261.MP_-576x1024.jpg 576w, http:\/\/rynek30.pl\/wp-content\/uploads\/2025\/09\/PXL_20250814_085038261.MP_-768x1365.jpg 768w, http:\/\/rynek30.pl\/wp-content\/uploads\/2025\/09\/PXL_20250814_085038261.MP_-864x1536.jpg 864w, http:\/\/rynek30.pl\/wp-content\/uploads\/2025\/09\/PXL_20250814_085038261.MP_-1152x2048.jpg 1152w, http:\/\/rynek30.pl\/wp-content\/uploads\/2025\/09\/PXL_20250814_085038261.MP_-7x12.jpg 7w\" sizes=\"(max-width: 1440px) 100vw, 1440px\" \/><\/div>\n\t\t<\/a>\n\t\t\t\t<div class=\"elementor-post__text\">\n\t\t\t\t<h3 class=\"elementor-post__title\">\n\t\t\t<a href=\"http:\/\/rynek30.pl\/en\/meskie-dormitorium\/\" >\n\t\t\t\tMale dormitory for 8 persons\t\t\t<\/a>\n\t\t<\/h3>\n\t\t\t\t<\/div>\n\t\t\t\t<\/article>\n\t\t\t\t<article class=\"elementor-post elementor-grid-item post-94 post type-post status-publish format-standard has-post-thumbnail hentry category-uncategorized\" role=\"listitem\">\n\t\t\t\t<a class=\"elementor-post__thumbnail__link\" href=\"http:\/\/rynek30.pl\/en\/quad-ratusz\/\" tabindex=\"-1\" >\n\t\t\t<div class=\"elementor-post__thumbnail\"><img loading=\"lazy\" decoding=\"async\" width=\"1928\" height=\"2560\" src=\"http:\/\/rynek30.pl\/wp-content\/uploads\/2025\/09\/PXL_20240705_142909036-1-scaled.jpg\" class=\"attachment-full size-full wp-image-558\" alt=\"\" srcset=\"http:\/\/rynek30.pl\/wp-content\/uploads\/2025\/09\/PXL_20240705_142909036-1-scaled.jpg 1928w, http:\/\/rynek30.pl\/wp-content\/uploads\/2025\/09\/PXL_20240705_142909036-1-226x300.jpg 226w, http:\/\/rynek30.pl\/wp-content\/uploads\/2025\/09\/PXL_20240705_142909036-1-771x1024.jpg 771w, http:\/\/rynek30.pl\/wp-content\/uploads\/2025\/09\/PXL_20240705_142909036-1-768x1020.jpg 768w, http:\/\/rynek30.pl\/wp-content\/uploads\/2025\/09\/PXL_20240705_142909036-1-1157x1536.jpg 1157w, http:\/\/rynek30.pl\/wp-content\/uploads\/2025\/09\/PXL_20240705_142909036-1-1542x2048.jpg 1542w, http:\/\/rynek30.pl\/wp-content\/uploads\/2025\/09\/PXL_20240705_142909036-1-9x12.jpg 9w\" sizes=\"(max-width: 1928px) 100vw, 1928px\" \/><\/div>\n\t\t<\/a>\n\t\t\t\t<div class=\"elementor-post__text\">\n\t\t\t\t<h3 class=\"elementor-post__title\">\n\t\t\t<a href=\"http:\/\/rynek30.pl\/en\/quad-ratusz\/\" >\n\t\t\t\tFour-bedded room with view of the Town Hall\t\t\t<\/a>\n\t\t<\/h3>\n\t\t\t\t<\/div>\n\t\t\t\t<\/article>\n\t\t\t\t<article class=\"elementor-post elementor-grid-item post-93 post type-post status-publish format-standard has-post-thumbnail hentry category-uncategorized\" role=\"listitem\">\n\t\t\t\t<a class=\"elementor-post__thumbnail__link\" href=\"http:\/\/rynek30.pl\/en\/quad-patio\/\" tabindex=\"-1\" >\n\t\t\t<div class=\"elementor-post__thumbnail\"><img loading=\"lazy\" decoding=\"async\" width=\"1926\" height=\"2560\" src=\"http:\/\/rynek30.pl\/wp-content\/uploads\/2025\/06\/75b8957d-d7ce-456a-a5ed-cf2481f47119-scaled.jpg\" class=\"attachment-full size-full wp-image-600\" alt=\"\" srcset=\"http:\/\/rynek30.pl\/wp-content\/uploads\/2025\/06\/75b8957d-d7ce-456a-a5ed-cf2481f47119-scaled.jpg 1926w, http:\/\/rynek30.pl\/wp-content\/uploads\/2025\/06\/75b8957d-d7ce-456a-a5ed-cf2481f47119-226x300.jpg 226w, http:\/\/rynek30.pl\/wp-content\/uploads\/2025\/06\/75b8957d-d7ce-456a-a5ed-cf2481f47119-771x1024.jpg 771w, http:\/\/rynek30.pl\/wp-content\/uploads\/2025\/06\/75b8957d-d7ce-456a-a5ed-cf2481f47119-768x1021.jpg 768w, http:\/\/rynek30.pl\/wp-content\/uploads\/2025\/06\/75b8957d-d7ce-456a-a5ed-cf2481f47119-1156x1536.jpg 1156w, http:\/\/rynek30.pl\/wp-content\/uploads\/2025\/06\/75b8957d-d7ce-456a-a5ed-cf2481f47119-1541x2048.jpg 1541w, http:\/\/rynek30.pl\/wp-content\/uploads\/2025\/06\/75b8957d-d7ce-456a-a5ed-cf2481f47119-9x12.jpg 9w\" sizes=\"(max-width: 1926px) 100vw, 1926px\" \/><\/div>\n\t\t<\/a>\n\t\t\t\t<div class=\"elementor-post__text\">\n\t\t\t\t<h3 class=\"elementor-post__title\">\n\t\t\t<a href=\"http:\/\/rynek30.pl\/en\/quad-patio\/\" >\n\t\t\t\t4-bedded room with view on the Patio\t\t\t<\/a>\n\t\t<\/h3>\n\t\t\t\t<\/div>\n\t\t\t\t<\/article>\n\t\t\t\t<article class=\"elementor-post elementor-grid-item post-91 post type-post status-publish format-standard has-post-thumbnail hentry category-uncategorized\" role=\"listitem\">\n\t\t\t\t<a class=\"elementor-post__thumbnail__link\" href=\"http:\/\/rynek30.pl\/en\/5-osobowy\/\" tabindex=\"-1\" >\n\t\t\t<div class=\"elementor-post__thumbnail\"><img loading=\"lazy\" decoding=\"async\" width=\"1927\" height=\"2560\" src=\"http:\/\/rynek30.pl\/wp-content\/uploads\/2025\/06\/e6d6d230-69a8-4ce7-b78e-38fa9fb707de-scaled.jpg\" class=\"attachment-full size-full wp-image-414\" alt=\"ok\u00f3j 5-osobowy z widokiem na patio w hostelu Rynek 30\" srcset=\"http:\/\/rynek30.pl\/wp-content\/uploads\/2025\/06\/e6d6d230-69a8-4ce7-b78e-38fa9fb707de-scaled.jpg 1927w, http:\/\/rynek30.pl\/wp-content\/uploads\/2025\/06\/e6d6d230-69a8-4ce7-b78e-38fa9fb707de-226x300.jpg 226w, http:\/\/rynek30.pl\/wp-content\/uploads\/2025\/06\/e6d6d230-69a8-4ce7-b78e-38fa9fb707de-771x1024.jpg 771w, http:\/\/rynek30.pl\/wp-content\/uploads\/2025\/06\/e6d6d230-69a8-4ce7-b78e-38fa9fb707de-768x1020.jpg 768w, http:\/\/rynek30.pl\/wp-content\/uploads\/2025\/06\/e6d6d230-69a8-4ce7-b78e-38fa9fb707de-1156x1536.jpg 1156w, http:\/\/rynek30.pl\/wp-content\/uploads\/2025\/06\/e6d6d230-69a8-4ce7-b78e-38fa9fb707de-1542x2048.jpg 1542w\" sizes=\"(max-width: 1927px) 100vw, 1927px\" \/><\/div>\n\t\t<\/a>\n\t\t\t\t<div class=\"elementor-post__text\">\n\t\t\t\t<h3 class=\"elementor-post__title\">\n\t\t\t<a href=\"http:\/\/rynek30.pl\/en\/5-osobowy\/\" >\n\t\t\t\tPok\u00f3j 5-osobowy z widokiem na Patio\t\t\t<\/a>\n\t\t<\/h3>\n\t\t\t\t<\/div>\n\t\t\t\t<\/article>\n\t\t\t\t<\/div>\n\t\t\n\t\t\t\t\t\t<\/div>\n\t\t\t\t<\/div>\n\t\t\t\t\t<\/div>\n\t\t\t\t<\/div>\n\t\t\t\t<\/div>","protected":false},"excerpt":{"rendered":"","protected":false},"author":1,"featured_media":0,"parent":0,"menu_order":0,"comment_status":"closed","ping_status":"closed","template":"elementor_header_footer","meta":{"footnotes":""},"class_list":["post-59","page","type-page","status-publish","hentry"],"_links":{"self":[{"href":"http:\/\/rynek30.pl\/en\/wp-json\/wp\/v2\/pages\/59","targetHints":{"allow":["GET"]}}],"collection":[{"href":"http:\/\/rynek30.pl\/en\/wp-json\/wp\/v2\/pages"}],"about":[{"href":"http:\/\/rynek30.pl\/en\/wp-json\/wp\/v2\/types\/page"}],"author":[{"embeddable":true,"href":"http:\/\/rynek30.pl\/en\/wp-json\/wp\/v2\/users\/1"}],"replies":[{"embeddable":true,"href":"http:\/\/rynek30.pl\/en\/wp-json\/wp\/v2\/comments?post=59"}],"version-history":[{"count":15,"href":"http:\/\/rynek30.pl\/en\/wp-json\/wp\/v2\/pages\/59\/revisions"}],"predecessor-version":[{"id":603,"href":"http:\/\/rynek30.pl\/en\/wp-json\/wp\/v2\/pages\/59\/revisions\/603"}],"wp:attachment":[{"href":"http:\/\/rynek30.pl\/en\/wp-json\/wp\/v2\/media?parent=59"}],"curies":[{"name":"wp","href":"https:\/\/api.w.org\/{rel}","templated":true}]}}