{"id":39,"date":"2025-06-11T11:28:40","date_gmt":"2025-06-11T09:28:40","guid":{"rendered":"https:\/\/rynek30.pl\/index.php\/about\/"},"modified":"2025-09-12T09:14:09","modified_gmt":"2025-09-12T07:14:09","slug":"oferta-dla-grup","status":"publish","type":"page","link":"http:\/\/rynek30.pl\/en\/oferta-dla-grup\/","title":{"rendered":"Offer for groups"},"content":{"rendered":"\t\t<div data-elementor-type=\"wp-page\" data-elementor-id=\"39\" class=\"elementor elementor-39\" data-elementor-post-type=\"page\">\n\t\t\t\t<div class=\"elementor-element elementor-element-1ca4fe5a e-flex e-con-boxed e-con e-parent\" data-id=\"1ca4fe5a\" data-element_type=\"container\" data-e-type=\"container\">\n\t\t\t\t\t<div class=\"e-con-inner\">\n\t\t<div class=\"elementor-element elementor-element-4b544139 e-con-full e-flex e-con e-child\" data-id=\"4b544139\" data-element_type=\"container\" data-e-type=\"container\">\n\t\t\t\t<div class=\"elementor-element elementor-element-78bb0c57 elementor-widget elementor-widget-heading\" data-id=\"78bb0c57\" data-element_type=\"widget\" data-e-type=\"widget\" data-widget_type=\"heading.default\">\n\t\t\t\t\t<h1 class=\"elementor-heading-title elementor-size-default\">Oferta dla grup i wycieczek<\/h1>\t\t\t\t<\/div>\n\t\t\t\t<\/div>\n\t\t<div class=\"elementor-element elementor-element-10528809 e-con-full e-flex e-con e-child\" data-id=\"10528809\" data-element_type=\"container\" data-e-type=\"container\">\n\t\t\t\t<div class=\"elementor-element elementor-element-592be505 elementor-widget elementor-widget-text-editor\" data-id=\"592be505\" data-element_type=\"widget\" data-e-type=\"widget\" data-widget_type=\"text-editor.default\">\n\t\t\t\t\t\t\t\t\t<p data-start=\"118\" data-end=\"459\">Planujesz wyjazd ze znajomymi, <strong>szkoln\u0105 wycieczk\u0119<\/strong> czy integracj\u0119 firmow\u0105?<\/p><p data-start=\"118\" data-end=\"459\">\ud83e\uddf3 Rynek 30 Hostel to idealne <strong>miejsce dla grup<\/strong> w samym sercu Wroc\u0142awia. Oferujemy komfortowe pokoje w historycznej kamienicy z widokiem na Rynek, wsp\u00f3lne przestrzenie sprzyjaj\u0105ce integracji oraz elastyczne warunki rezerwacji dla wi\u0119kszych ekip.<\/p>\t\t\t\t\t\t\t\t<\/div>\n\t\t\t\t<\/div>\n\t\t\t\t\t<\/div>\n\t\t\t\t<\/div>\n\t\t<div class=\"elementor-element elementor-element-5bdea24e e-flex e-con-boxed e-con e-parent\" data-id=\"5bdea24e\" data-element_type=\"container\" data-e-type=\"container\">\n\t\t\t\t\t<div class=\"e-con-inner\">\n\t\t\t\t<div class=\"elementor-element elementor-element-52e291d7 elementor-widget elementor-widget-image\" data-id=\"52e291d7\" data-element_type=\"widget\" data-e-type=\"widget\" data-settings=\"{&quot;motion_fx_motion_fx_scrolling&quot;:&quot;yes&quot;,&quot;motion_fx_scale_effect&quot;:&quot;yes&quot;,&quot;motion_fx_scale_speed&quot;:{&quot;unit&quot;:&quot;px&quot;,&quot;size&quot;:2,&quot;sizes&quot;:[]},&quot;motion_fx_scale_range&quot;:{&quot;unit&quot;:&quot;%&quot;,&quot;size&quot;:&quot;&quot;,&quot;sizes&quot;:{&quot;start&quot;:50,&quot;end&quot;:100}},&quot;motion_fx_scale_direction&quot;:&quot;out-in&quot;,&quot;motion_fx_devices&quot;:[&quot;desktop&quot;,&quot;tablet&quot;,&quot;mobile&quot;]}\" data-widget_type=\"image.default\">\n\t\t\t\t\t\t\t\t\t\t\t\t\t\t\t\t<a href=\"#\">\n\t\t\t\t\t\t\t<img fetchpriority=\"high\" decoding=\"async\" width=\"1920\" height=\"1281\" src=\"http:\/\/rynek30.pl\/wp-content\/uploads\/2025\/09\/kilku-turystow-szukajacych-rozrywki-3.jpg\" class=\"attachment-full size-full wp-image-469\" alt=\"Grupa m\u0142odych turyst\u00f3w zwiedzaj\u0105cych Wroc\u0142aw \u2013 idealna oferta nocleg\u00f3w dla grup w Rynek 30 Hostel\" srcset=\"http:\/\/rynek30.pl\/wp-content\/uploads\/2025\/09\/kilku-turystow-szukajacych-rozrywki-3.jpg 1920w, http:\/\/rynek30.pl\/wp-content\/uploads\/2025\/09\/kilku-turystow-szukajacych-rozrywki-3-300x200.jpg 300w, http:\/\/rynek30.pl\/wp-content\/uploads\/2025\/09\/kilku-turystow-szukajacych-rozrywki-3-1024x683.jpg 1024w, http:\/\/rynek30.pl\/wp-content\/uploads\/2025\/09\/kilku-turystow-szukajacych-rozrywki-3-768x512.jpg 768w, http:\/\/rynek30.pl\/wp-content\/uploads\/2025\/09\/kilku-turystow-szukajacych-rozrywki-3-1536x1025.jpg 1536w, http:\/\/rynek30.pl\/wp-content\/uploads\/2025\/09\/kilku-turystow-szukajacych-rozrywki-3-18x12.jpg 18w\" sizes=\"(max-width: 1920px) 100vw, 1920px\" \/>\t\t\t\t\t\t\t\t<\/a>\n\t\t\t\t\t\t\t\t\t\t\t\t\t\t\t<\/div>\n\t\t\t\t\t<\/div>\n\t\t\t\t<\/div>\n\t\t<div class=\"elementor-element elementor-element-17067ea9 e-flex e-con-boxed e-con e-parent\" data-id=\"17067ea9\" data-element_type=\"container\" data-e-type=\"container\">\n\t\t\t\t\t<div class=\"e-con-inner\">\n\t\t\t\t<div class=\"elementor-element elementor-element-18a0cbca elementor-invisible elementor-widget elementor-widget-heading\" data-id=\"18a0cbca\" data-element_type=\"widget\" data-e-type=\"widget\" data-settings=\"{&quot;_animation&quot;:&quot;fadeInUp&quot;}\" data-widget_type=\"heading.default\">\n\t\t\t\t\t<h2 class=\"elementor-heading-title elementor-size-default\">Co sprawia, \u017ce jeste\u015bmy lepsi od innych?<\/h2>\t\t\t\t<\/div>\n\t\t\t\t<div class=\"elementor-element elementor-element-3618946c elementor-widget elementor-widget-heading\" data-id=\"3618946c\" data-element_type=\"widget\" data-e-type=\"widget\" data-widget_type=\"heading.default\">\n\t\t\t\t\t<h2 class=\"elementor-heading-title elementor-size-default\">Dlaczego warto wybra\u0107 nasz\u0105 ofert\u0119 dla grup?<\/h2>\t\t\t\t<\/div>\n\t\t\t\t\t<\/div>\n\t\t\t\t<\/div>\n\t\t<div class=\"elementor-element elementor-element-2e977fe0 e-flex e-con-boxed e-con e-parent\" data-id=\"2e977fe0\" data-element_type=\"container\" data-e-type=\"container\">\n\t\t\t\t\t<div class=\"e-con-inner\">\n\t\t<div class=\"elementor-element elementor-element-5f029dae e-con-full e-flex e-con e-child\" data-id=\"5f029dae\" data-element_type=\"container\" data-e-type=\"container\">\n\t\t\t\t<div class=\"elementor-element elementor-element-25b25752 elementor-widget elementor-widget-heading\" data-id=\"25b25752\" data-element_type=\"widget\" data-e-type=\"widget\" data-widget_type=\"heading.default\">\n\t\t\t\t\t<h2 class=\"elementor-heading-title elementor-size-default\">Centralna lokalizacja<\/h2>\t\t\t\t<\/div>\n\t\t\t\t<div class=\"elementor-element elementor-element-161210d5 elementor-widget elementor-widget-text-editor\" data-id=\"161210d5\" data-element_type=\"widget\" data-e-type=\"widget\" data-widget_type=\"text-editor.default\">\n\t\t\t\t\t\t\t\t\t<p>Zaledwie kilka krok\u00f3w od Rynku G\u0142\u00f3wnego we Wroc\u0142awiu.<\/p>\t\t\t\t\t\t\t\t<\/div>\n\t\t\t\t<\/div>\n\t\t<div class=\"elementor-element elementor-element-570296dd e-con-full e-flex e-con e-child\" data-id=\"570296dd\" data-element_type=\"container\" data-e-type=\"container\">\n\t\t\t\t<div class=\"elementor-element elementor-element-680673c5 elementor-widget elementor-widget-heading\" data-id=\"680673c5\" data-element_type=\"widget\" data-e-type=\"widget\" data-widget_type=\"heading.default\">\n\t\t\t\t\t<h2 class=\"elementor-heading-title elementor-size-default\">Komfortowe pokoje<\/h2>\t\t\t\t<\/div>\n\t\t\t\t<div class=\"elementor-element elementor-element-3f280776 elementor-widget elementor-widget-text-editor\" data-id=\"3f280776\" data-element_type=\"widget\" data-e-type=\"widget\" data-widget_type=\"text-editor.default\">\n\t\t\t\t\t\t\t\t\t<p>Przytulne i w pe\u0142ni wyposa\u017cone pokoje dostosowane do potrzeb grup.<\/p>\t\t\t\t\t\t\t\t<\/div>\n\t\t\t\t<\/div>\n\t\t<div class=\"elementor-element elementor-element-dc11ec9 e-con-full e-flex e-con e-child\" data-id=\"dc11ec9\" data-element_type=\"container\" data-e-type=\"container\">\n\t\t\t\t<div class=\"elementor-element elementor-element-1ba892fa elementor-widget elementor-widget-heading\" data-id=\"1ba892fa\" data-element_type=\"widget\" data-e-type=\"widget\" data-widget_type=\"heading.default\">\n\t\t\t\t\t<h2 class=\"elementor-heading-title elementor-size-default\">Atrakcyjne ceny<\/h2>\t\t\t\t<\/div>\n\t\t\t\t<div class=\"elementor-element elementor-element-156434f9 elementor-widget elementor-widget-text-editor\" data-id=\"156434f9\" data-element_type=\"widget\" data-e-type=\"widget\" data-widget_type=\"text-editor.default\">\n\t\t\t\t\t\t\t\t\t<p>Rabaty dla du\u017cych grup i rezerwacji d\u0142ugoterminowych.<\/p>\t\t\t\t\t\t\t\t<\/div>\n\t\t\t\t<\/div>\n\t\t<div class=\"elementor-element elementor-element-360b5521 e-con-full e-flex e-con e-child\" data-id=\"360b5521\" data-element_type=\"container\" data-e-type=\"container\">\n\t\t\t\t<div class=\"elementor-element elementor-element-67e18637 elementor-widget elementor-widget-heading\" data-id=\"67e18637\" data-element_type=\"widget\" data-e-type=\"widget\" data-widget_type=\"heading.default\">\n\t\t\t\t\t<h2 class=\"elementor-heading-title elementor-size-default\">Elastyczno\u015b\u0107<\/h2>\t\t\t\t<\/div>\n\t\t\t\t<div class=\"elementor-element elementor-element-4f6d8eb3 elementor-widget elementor-widget-text-editor\" data-id=\"4f6d8eb3\" data-element_type=\"widget\" data-e-type=\"widget\" data-widget_type=\"text-editor.default\">\n\t\t\t\t\t\t\t\t\t<p>Mo\u017cliwo\u015b\u0107 dopasowania oferty do indywidualnych potrzeb.<\/p>\t\t\t\t\t\t\t\t<\/div>\n\t\t\t\t<\/div>\n\t\t<div class=\"elementor-element elementor-element-277d6bc6 e-con-full e-flex e-con e-child\" data-id=\"277d6bc6\" data-element_type=\"container\" data-e-type=\"container\">\n\t\t\t\t<div class=\"elementor-element elementor-element-7d7721d9 elementor-widget elementor-widget-heading\" data-id=\"7d7721d9\" data-element_type=\"widget\" data-e-type=\"widget\" data-widget_type=\"heading.default\">\n\t\t\t\t\t<h2 class=\"elementor-heading-title elementor-size-default\">Obs\u0142uga Grup<\/h2>\t\t\t\t<\/div>\n\t\t\t\t<div class=\"elementor-element elementor-element-369ea6fd elementor-widget elementor-widget-text-editor\" data-id=\"369ea6fd\" data-element_type=\"widget\" data-e-type=\"widget\" data-widget_type=\"text-editor.default\">\n\t\t\t\t\t\t\t\t\t<p>Dedykowana opieka przy rezerwacji i pobycie \u2013 pomagamy w organizacji wyjazd\u00f3w, posi\u0142k\u00f3w i atrakcji dla grup.<\/p>\t\t\t\t\t\t\t\t<\/div>\n\t\t\t\t<\/div>\n\t\t<div class=\"elementor-element elementor-element-453c3244 e-con-full e-flex e-con e-child\" data-id=\"453c3244\" data-element_type=\"container\" data-e-type=\"container\">\n\t\t\t\t<div class=\"elementor-element elementor-element-e161853 elementor-widget elementor-widget-heading\" data-id=\"e161853\" data-element_type=\"widget\" data-e-type=\"widget\" data-widget_type=\"heading.default\">\n\t\t\t\t\t<h2 class=\"elementor-heading-title elementor-size-default\">Wsp\u00f3lne Przestrzenie<\/h2>\t\t\t\t<\/div>\n\t\t\t\t<div class=\"elementor-element elementor-element-4a48e7f8 elementor-widget elementor-widget-text-editor\" data-id=\"4a48e7f8\" data-element_type=\"widget\" data-e-type=\"widget\" data-widget_type=\"text-editor.default\">\n\t\t\t\t\t\t\t\t\t<p>Przestronna kuchnia, jadalnia i strefy relaksu sprzyjaj\u0105 integracji i wsp\u00f3lnemu sp\u0119dzaniu czasu.<\/p>\t\t\t\t\t\t\t\t<\/div>\n\t\t\t\t<\/div>\n\t\t\t\t\t<\/div>\n\t\t\t\t<\/div>\n\t\t<div class=\"elementor-element elementor-element-50cda67 e-flex e-con-boxed e-con e-parent\" data-id=\"50cda67\" data-element_type=\"container\" data-e-type=\"container\" data-settings=\"{&quot;background_background&quot;:&quot;classic&quot;}\">\n\t\t\t\t\t<div class=\"e-con-inner\">\n\t\t<div class=\"elementor-element elementor-element-e3bb645 e-con-full e-flex e-con e-child\" data-id=\"e3bb645\" data-element_type=\"container\" data-e-type=\"container\">\n\t\t\t\t<div class=\"elementor-element elementor-element-5a61a7d elementor-widget elementor-widget-heading\" data-id=\"5a61a7d\" data-element_type=\"widget\" data-e-type=\"widget\" data-widget_type=\"heading.default\">\n\t\t\t\t\t<h5 class=\"elementor-heading-title elementor-size-default\">Zalety rezerwacji w Rynek 30 Hostel<\/h5>\t\t\t\t<\/div>\n\t\t\t\t<div class=\"elementor-element elementor-element-b394be1 elementor-widget elementor-widget-heading\" data-id=\"b394be1\" data-element_type=\"widget\" data-e-type=\"widget\" data-widget_type=\"heading.default\">\n\t\t\t\t\t<h2 class=\"elementor-heading-title elementor-size-default\">wybieraj\u0105c nasz hostel zyskujesz<\/h2>\t\t\t\t<\/div>\n\t\t\t\t<div class=\"elementor-element elementor-element-1371a3f elementor-tablet-align-center elementor-widget-mobile__width-inherit elementor-invisible elementor-widget elementor-widget-button\" data-id=\"1371a3f\" data-element_type=\"widget\" data-e-type=\"widget\" data-settings=\"{&quot;_animation&quot;:&quot;fadeInDown&quot;}\" data-widget_type=\"button.default\">\n\t\t\t\t\t\t\t\t\t\t<a class=\"elementor-button elementor-button-link elementor-size-md\" href=\"http:\/\/rynek30.pl\/en\/zarezerwuj\/\">\n\t\t\t\t\t\t<span class=\"elementor-button-content-wrapper\">\n\t\t\t\t\t\t\t\t\t<span class=\"elementor-button-text\">zarezerwuj<\/span>\n\t\t\t\t\t<\/span>\n\t\t\t\t\t<\/a>\n\t\t\t\t\t\t\t\t<\/div>\n\t\t\t\t<\/div>\n\t\t<div class=\"elementor-element elementor-element-6b72b39 e-con-full e-flex e-con e-child\" data-id=\"6b72b39\" data-element_type=\"container\" data-e-type=\"container\">\n\t\t<div class=\"elementor-element elementor-element-22cdd4b e-con-full e-flex e-con e-child\" data-id=\"22cdd4b\" data-element_type=\"container\" data-e-type=\"container\">\n\t\t\t\t<div class=\"elementor-element elementor-element-2a3e42c elementor-view-default elementor-position-block-start elementor-mobile-position-block-start elementor-invisible elementor-widget elementor-widget-icon-box\" data-id=\"2a3e42c\" data-element_type=\"widget\" data-e-type=\"widget\" data-settings=\"{&quot;_animation&quot;:&quot;fadeInUp&quot;}\" data-widget_type=\"icon-box.default\">\n\t\t\t\t\t\t\t<div class=\"elementor-icon-box-wrapper\">\n\n\t\t\t\t\t\t<div class=\"elementor-icon-box-icon\">\n\t\t\t\t<span  class=\"elementor-icon\">\n\t\t\t\t<svg aria-hidden=\"true\" class=\"e-font-icon-svg e-fas-user-tie\" viewBox=\"0 0 448 512\" xmlns=\"http:\/\/www.w3.org\/2000\/svg\"><path d=\"M224 256c70.7 0 128-57.3 128-128S294.7 0 224 0 96 57.3 96 128s57.3 128 128 128zm95.8 32.6L272 480l-32-136 32-56h-96l32 56-32 136-47.8-191.4C56.9 292 0 350.3 0 422.4V464c0 26.5 21.5 48 48 48h352c26.5 0 48-21.5 48-48v-41.6c0-72.1-56.9-130.4-128.2-133.8z\"><\/path><\/svg>\t\t\t\t<\/span>\n\t\t\t<\/div>\n\t\t\t\n\t\t\t\t\t\t<div class=\"elementor-icon-box-content\">\n\n\t\t\t\t\t\t\t\t\t<h4 class=\"elementor-icon-box-title\">\n\t\t\t\t\t\t<span  >\n\t\t\t\t\t\t\tobs\u0142uga przez managera\t\t\t\t\t\t<\/span>\n\t\t\t\t\t<\/h4>\n\t\t\t\t\n\t\t\t\t\n\t\t\t<\/div>\n\t\t\t\n\t\t<\/div>\n\t\t\t\t\t\t<\/div>\n\t\t\t\t<\/div>\n\t\t<div class=\"elementor-element elementor-element-e06aa3d e-con-full e-flex e-con e-child\" data-id=\"e06aa3d\" data-element_type=\"container\" data-e-type=\"container\">\n\t\t\t\t<div class=\"elementor-element elementor-element-094e618 elementor-view-default elementor-position-block-start elementor-mobile-position-block-start elementor-invisible elementor-widget elementor-widget-icon-box\" data-id=\"094e618\" data-element_type=\"widget\" data-e-type=\"widget\" data-settings=\"{&quot;_animation&quot;:&quot;fadeInLeft&quot;}\" data-widget_type=\"icon-box.default\">\n\t\t\t\t\t\t\t<div class=\"elementor-icon-box-wrapper\">\n\n\t\t\t\t\t\t<div class=\"elementor-icon-box-icon\">\n\t\t\t\t<span  class=\"elementor-icon\">\n\t\t\t\t<svg aria-hidden=\"true\" class=\"e-font-icon-svg e-fas-piggy-bank\" viewBox=\"0 0 576 512\" xmlns=\"http:\/\/www.w3.org\/2000\/svg\"><path d=\"M560 224h-29.5c-8.8-20-21.6-37.7-37.4-52.5L512 96h-32c-29.4 0-55.4 13.5-73 34.3-7.6-1.1-15.1-2.3-23-2.3H256c-77.4 0-141.9 55-156.8 128H56c-14.8 0-26.5-13.5-23.5-28.8C34.7 215.8 45.4 208 57 208h1c3.3 0 6-2.7 6-6v-20c0-3.3-2.7-6-6-6-28.5 0-53.9 20.4-57.5 48.6C-3.9 258.8 22.7 288 56 288h40c0 52.2 25.4 98.1 64 127.3V496c0 8.8 7.2 16 16 16h64c8.8 0 16-7.2 16-16v-48h128v48c0 8.8 7.2 16 16 16h64c8.8 0 16-7.2 16-16v-80.7c11.8-8.9 22.3-19.4 31.3-31.3H560c8.8 0 16-7.2 16-16V240c0-8.8-7.2-16-16-16zm-128 64c-8.8 0-16-7.2-16-16s7.2-16 16-16 16 7.2 16 16-7.2 16-16 16zM256 96h128c5.4 0 10.7.4 15.9.8 0-.3.1-.5.1-.8 0-53-43-96-96-96s-96 43-96 96c0 2.1.5 4.1.6 6.2 15.2-3.9 31-6.2 47.4-6.2z\"><\/path><\/svg>\t\t\t\t<\/span>\n\t\t\t<\/div>\n\t\t\t\n\t\t\t\t\t\t<div class=\"elementor-icon-box-content\">\n\n\t\t\t\t\t\t\t\t\t<h4 class=\"elementor-icon-box-title\">\n\t\t\t\t\t\t<span  >\n\t\t\t\t\t\t\tatrakcyjne zni\u017cki\t\t\t\t\t\t<\/span>\n\t\t\t\t\t<\/h4>\n\t\t\t\t\n\t\t\t\t\n\t\t\t<\/div>\n\t\t\t\n\t\t<\/div>\n\t\t\t\t\t\t<\/div>\n\t\t\t\t<\/div>\n\t\t<div class=\"elementor-element elementor-element-5a711f6 e-con-full e-flex e-con e-child\" data-id=\"5a711f6\" data-element_type=\"container\" data-e-type=\"container\">\n\t\t\t\t<div class=\"elementor-element elementor-element-3550a2c elementor-view-default elementor-position-block-start elementor-mobile-position-block-start elementor-invisible elementor-widget elementor-widget-icon-box\" data-id=\"3550a2c\" data-element_type=\"widget\" data-e-type=\"widget\" data-settings=\"{&quot;_animation&quot;:&quot;fadeInRight&quot;}\" data-widget_type=\"icon-box.default\">\n\t\t\t\t\t\t\t<div class=\"elementor-icon-box-wrapper\">\n\n\t\t\t\t\t\t<div class=\"elementor-icon-box-icon\">\n\t\t\t\t<span  class=\"elementor-icon\">\n\t\t\t\t<svg aria-hidden=\"true\" class=\"e-font-icon-svg e-fas-luggage-cart\" viewBox=\"0 0 640 512\" xmlns=\"http:\/\/www.w3.org\/2000\/svg\"><path d=\"M224 320h32V96h-32c-17.67 0-32 14.33-32 32v160c0 17.67 14.33 32 32 32zm352-32V128c0-17.67-14.33-32-32-32h-32v224h32c17.67 0 32-14.33 32-32zm48 96H128V16c0-8.84-7.16-16-16-16H16C7.16 0 0 7.16 0 16v32c0 8.84 7.16 16 16 16h48v368c0 8.84 7.16 16 16 16h82.94c-1.79 5.03-2.94 10.36-2.94 16 0 26.51 21.49 48 48 48s48-21.49 48-48c0-5.64-1.15-10.97-2.94-16h197.88c-1.79 5.03-2.94 10.36-2.94 16 0 26.51 21.49 48 48 48s48-21.49 48-48c0-5.64-1.15-10.97-2.94-16H624c8.84 0 16-7.16 16-16v-32c0-8.84-7.16-16-16-16zM480 96V48c0-26.51-21.49-48-48-48h-96c-26.51 0-48 21.49-48 48v272h192V96zm-48 0h-96V48h96v48z\"><\/path><\/svg>\t\t\t\t<\/span>\n\t\t\t<\/div>\n\t\t\t\n\t\t\t\t\t\t<div class=\"elementor-icon-box-content\">\n\n\t\t\t\t\t\t\t\t\t<h4 class=\"elementor-icon-box-title\">\n\t\t\t\t\t\t<span  >\n\t\t\t\t\t\t\tDarmowa przechowalnia Baga\u017cu\t\t\t\t\t\t<\/span>\n\t\t\t\t\t<\/h4>\n\t\t\t\t\n\t\t\t\t\n\t\t\t<\/div>\n\t\t\t\n\t\t<\/div>\n\t\t\t\t\t\t<\/div>\n\t\t\t\t<\/div>\n\t\t<div class=\"elementor-element elementor-element-a6c68f9 e-con-full e-flex e-con e-child\" data-id=\"a6c68f9\" data-element_type=\"container\" data-e-type=\"container\">\n\t\t\t\t<div class=\"elementor-element elementor-element-868eaa2 elementor-view-default elementor-position-block-start elementor-mobile-position-block-start elementor-invisible elementor-widget elementor-widget-icon-box\" data-id=\"868eaa2\" data-element_type=\"widget\" data-e-type=\"widget\" data-settings=\"{&quot;_animation&quot;:&quot;fadeInDown&quot;}\" data-widget_type=\"icon-box.default\">\n\t\t\t\t\t\t\t<div class=\"elementor-icon-box-wrapper\">\n\n\t\t\t\t\t\t<div class=\"elementor-icon-box-icon\">\n\t\t\t\t<span  class=\"elementor-icon\">\n\t\t\t\t<svg aria-hidden=\"true\" class=\"e-font-icon-svg e-far-clock\" viewBox=\"0 0 512 512\" xmlns=\"http:\/\/www.w3.org\/2000\/svg\"><path d=\"M256 8C119 8 8 119 8 256s111 248 248 248 248-111 248-248S393 8 256 8zm0 448c-110.5 0-200-89.5-200-200S145.5 56 256 56s200 89.5 200 200-89.5 200-200 200zm61.8-104.4l-84.9-61.7c-3.1-2.3-4.9-5.9-4.9-9.7V116c0-6.6 5.4-12 12-12h32c6.6 0 12 5.4 12 12v141.7l66.8 48.6c5.4 3.9 6.5 11.4 2.6 16.8L334.6 349c-3.9 5.3-11.4 6.5-16.8 2.6z\"><\/path><\/svg>\t\t\t\t<\/span>\n\t\t\t<\/div>\n\t\t\t\n\t\t\t\t\t\t<div class=\"elementor-icon-box-content\">\n\n\t\t\t\t\t\t\t\t\t<h4 class=\"elementor-icon-box-title\">\n\t\t\t\t\t\t<span  >\n\t\t\t\t\t\t\tkompleksowa obs\u0142uga wy\u017cywienia\t\t\t\t\t\t<\/span>\n\t\t\t\t\t<\/h4>\n\t\t\t\t\n\t\t\t\t\n\t\t\t<\/div>\n\t\t\t\n\t\t<\/div>\n\t\t\t\t\t\t<\/div>\n\t\t\t\t<\/div>\n\t\t\t\t<\/div>\n\t\t\t\t\t<\/div>\n\t\t\t\t<\/div>\n\t\t<div class=\"elementor-element elementor-element-774804f e-flex e-con-boxed e-con e-parent\" data-id=\"774804f\" data-element_type=\"container\" data-e-type=\"container\" data-settings=\"{&quot;background_background&quot;:&quot;classic&quot;}\">\n\t\t\t\t\t<div class=\"e-con-inner\">\n\t\t\t\t<div class=\"elementor-element elementor-element-d02ad08 elementor-widget elementor-widget-heading\" data-id=\"d02ad08\" data-element_type=\"widget\" data-e-type=\"widget\" data-widget_type=\"heading.default\">\n\t\t\t\t\t<h2 class=\"elementor-heading-title elementor-size-default\">Jak zarezerwowa\u0107 nocleg dla grup?<\/h2>\t\t\t\t<\/div>\n\t\t\t\t<div class=\"elementor-element elementor-element-f25c68a elementor-widget__width-inherit elementor-widget elementor-widget-text-editor\" data-id=\"f25c68a\" data-element_type=\"widget\" data-e-type=\"widget\" data-widget_type=\"text-editor.default\">\n\t\t\t\t\t\t\t\t\t<ul>\n \t<li>Wype\u0142nij formularz rezerwacyjny dost\u0119pny na naszej stronie, w zak\u0142adce <a href=\"https:\/\/rynek30.pl\/kontakt\/\">Kontakt<\/a>, lub na dole strony<\/li>\n \t<li>Skontaktuj si\u0119 z nami telefonicznie <a href=\"tel:+48695303013\">+48 695 30 30 13<\/a>  lub mailowo, aby ustali\u0107 szczeg\u00f3\u0142y.<\/li>\n \t<li>Potwierd\u017a rezerwacj\u0119 i ciesz si\u0119 pobytem we Wroc\u0142awiu!<\/li>\n<\/ul>\t\t\t\t\t\t\t\t<\/div>\n\t\t\t\t<div class=\"elementor-element elementor-element-c233acf elementor-widget__width-inherit elementor-widget elementor-widget-text-editor\" data-id=\"c233acf\" data-element_type=\"widget\" data-e-type=\"widget\" data-widget_type=\"text-editor.default\">\n\t\t\t\t\t\t\t\t\t<p>Stw\u00f3rzmy co\u015b razem!<\/p>\t\t\t\t\t\t\t\t<\/div>\n\t\t\t\t\t<\/div>\n\t\t\t\t<\/div>\n\t\t\t\t<\/div>\n\t\t","protected":false},"excerpt":{"rendered":"<p>Planujesz wyjazd ze znajomymi, szkoln\u0105 wycieczk\u0119 czy integracj\u0119 firmow\u0105? Rynek 30 Hostel to idealne miejsce dla grup w samym sercu Wroc\u0142awia. Oferujemy komfortowe pokoje w historycznej kamienicy z widokiem na Rynek, wsp\u00f3lne przestrzenie sprzyjaj\u0105ce integracji oraz elastyczne warunki rezerwacji dla wi\u0119kszych ekip.<\/p>","protected":false},"author":1,"featured_media":0,"parent":0,"menu_order":0,"comment_status":"closed","ping_status":"closed","template":"elementor_header_footer","meta":{"footnotes":""},"class_list":["post-39","page","type-page","status-publish","hentry"],"_links":{"self":[{"href":"http:\/\/rynek30.pl\/en\/wp-json\/wp\/v2\/pages\/39","targetHints":{"allow":["GET"]}}],"collection":[{"href":"http:\/\/rynek30.pl\/en\/wp-json\/wp\/v2\/pages"}],"about":[{"href":"http:\/\/rynek30.pl\/en\/wp-json\/wp\/v2\/types\/page"}],"author":[{"embeddable":true,"href":"http:\/\/rynek30.pl\/en\/wp-json\/wp\/v2\/users\/1"}],"replies":[{"embeddable":true,"href":"http:\/\/rynek30.pl\/en\/wp-json\/wp\/v2\/comments?post=39"}],"version-history":[{"count":40,"href":"http:\/\/rynek30.pl\/en\/wp-json\/wp\/v2\/pages\/39\/revisions"}],"predecessor-version":[{"id":519,"href":"http:\/\/rynek30.pl\/en\/wp-json\/wp\/v2\/pages\/39\/revisions\/519"}],"wp:attachment":[{"href":"http:\/\/rynek30.pl\/en\/wp-json\/wp\/v2\/media?parent=39"}],"curies":[{"name":"wp","href":"https:\/\/api.w.org\/{rel}","templated":true}]}}